{"id":26,"date":"2024-10-23T22:30:23","date_gmt":"2024-10-23T22:30:23","guid":{"rendered":"https:\/\/dionepoxy.de\/?page_id=26"},"modified":"2024-11-13T19:00:23","modified_gmt":"2024-11-13T19:00:23","slug":"leistungen","status":"publish","type":"page","link":"https:\/\/dionepoxy.de\/?page_id=26","title":{"rendered":"Leistungen"},"content":{"rendered":"\n<p class=\"has-text-align-left\">\u2022 <strong>Industrielle Bodenbeschichtung<\/strong>: Unsere Epoxidharz-B\u00f6den sind chemikalienbest\u00e4ndig, rutschfest und extrem belastbar.<br>\u2022 <strong>Gewerbliche Bodenbeschichtung<\/strong>: Ideal f\u00fcr B\u00fcros und Werkst\u00e4tten \u2013 langlebig und pflegeleicht.<br>\u2022 <strong>Wohnbereich<\/strong>: Elegante und individuelle B\u00f6den f\u00fcr K\u00fcche, Bad, Balkon und Garage. Hygienisch, pflegeleicht und mit moderner Optik.<\/p>\n\n\n\n<p><\/p>\n\n\n\n<br>\n<br\n><h2 class=\"wp-block-heading has-text-align-left\">Vorteile der Epoxidharz Bodenbeschichtung<\/h2>\n\n\n\n<p class=\"has-text-align-left\">\u2022 <strong>Haltbarkeit und Belastbarkeit<\/strong>: Epoxidharzb\u00f6den halten selbst schwersten Beanspruchungen stand.<br>\u2022 <strong>Vielseitigkeit im Design<\/strong>: Farben, Muster und Effekte lassen sich flexibel anpassen.<br>\u2022 <strong>Hygienisch und leicht zu reinigen<\/strong>: Ideal f\u00fcr Gewerbe und Wohnr\u00e4ume.<br>\u2022 <strong>Rutschfestigkeit und Sicherheit<\/strong>: Optionen f\u00fcr sichere, rutschhemmende Oberfl\u00e4chen.<\/p>\n","protected":false},"excerpt":{"rendered":"<p>\u2022 Industrielle Bodenbeschichtung: Unsere Epoxidharz-B\u00f6den sind chemikalienbest\u00e4ndig, rutschfest und extrem belastbar.\u2022 Gewerbliche Bodenbeschichtung: Ideal f\u00fcr B\u00fcros und Werkst\u00e4tten \u2013 langlebig und pflegeleicht.\u2022 Wohnbereich: Elegante und individuelle B\u00f6den f\u00fcr K\u00fcche, Bad,&hellip;<\/p>\n","protected":false},"author":1,"featured_media":0,"parent":0,"menu_order":0,"comment_status":"closed","ping_status":"closed","template":"","meta":{"footnotes":""},"class_list":["post-26","page","type-page","status-publish","hentry"],"_links":{"self":[{"href":"https:\/\/dionepoxy.de\/index.php?rest_route=\/wp\/v2\/pages\/26","targetHints":{"allow":["GET"]}}],"collection":[{"href":"https:\/\/dionepoxy.de\/index.php?rest_route=\/wp\/v2\/pages"}],"about":[{"href":"https:\/\/dionepoxy.de\/index.php?rest_route=\/wp\/v2\/types\/page"}],"author":[{"embeddable":true,"href":"https:\/\/dionepoxy.de\/index.php?rest_route=\/wp\/v2\/users\/1"}],"replies":[{"embeddable":true,"href":"https:\/\/dionepoxy.de\/index.php?rest_route=%2Fwp%2Fv2%2Fcomments&post=26"}],"version-history":[{"count":9,"href":"https:\/\/dionepoxy.de\/index.php?rest_route=\/wp\/v2\/pages\/26\/revisions"}],"predecessor-version":[{"id":112,"href":"https:\/\/dionepoxy.de\/index.php?rest_route=\/wp\/v2\/pages\/26\/revisions\/112"}],"wp:attachment":[{"href":"https:\/\/dionepoxy.de\/index.php?rest_route=%2Fwp%2Fv2%2Fmedia&parent=26"}],"curies":[{"name":"wp","href":"https:\/\/api.w.org\/{rel}","templated":true}]}}