{"id":24,"date":"2024-11-13T22:45:00","date_gmt":"2024-11-13T22:45:00","guid":{"rendered":"https:\/\/dionepoxy.de\/?page_id=24"},"modified":"2024-11-13T23:53:33","modified_gmt":"2024-11-13T23:53:33","slug":"home","status":"publish","type":"page","link":"https:\/\/dionepoxy.de\/","title":{"rendered":"Heim"},"content":{"rendered":"\n<center><head>\n    <meta charset=\"UTF-8\">\n    <meta name=\"viewport\" content=\"width=device-width, initial-scale=1.0\">\n    <title>Call Button<\/title>\n    <!-- Link to Font Awesome for icons -->\n    <link rel=\"stylesheet\" href=\"https:\/\/cdnjs.cloudflare.com\/ajax\/libs\/font-awesome\/6.0.0-beta3\/css\/all.min.css\">\n    <style>\n        button {\n            background-color: #05aaec;\n            color: white; \/* White text and icon *\/\n            padding: 10px 20px;\n            border: none;\n            border-radius: 15px; \/* Rounded corners *\/\n            cursor: pointer;\n            font-size: 16px;\n            display: flex;\n            align-items: center;\n            justify-content: center;\n        }\n\n        button i {\n            margin-right: 8px; \/* Space between icon and text *\/\n        }\n\n        button:hover {\n            background-color: #05aaec; \/* Darker shade on hover *\/\n        }\n    <\/style>\n    <script>\n        function handleCallButton() {\n            \/\/ Check if the device is mobile\n            if (\/Mobi|Android\/i.test(navigator.userAgent)) {\n                window.location.href = 'tel:+4917620494566'; \/\/ Mobile: open the dialer\n            } else {\n                \/\/ Desktop: open a popup with the phone number\n                alert('Anrufen: +4917620494566');\n            }\n        }\n    <\/script>\n<\/head>\n<body>\n    <button onclick=\"handleCallButton()\">\n        <i class=\"fas fa-phone\"><\/i> Anrufen\n    <\/button>\n<\/body>\n<\/html><center\/>\n\n\n<div class=\"wp-block-image\">\n<figure class=\"aligncenter size-large\"><img loading=\"lazy\" decoding=\"async\" width=\"1024\" height=\"768\" src=\"http:\/\/dionepoxy.de\/wp-content\/uploads\/2024\/10\/WhatsApp-Image-2024-10-24-at-9.35.27-PM-2-1024x768.jpeg\" alt=\"\" class=\"wp-image-94\" srcset=\"https:\/\/dionepoxy.de\/wp-content\/uploads\/2024\/10\/WhatsApp-Image-2024-10-24-at-9.35.27-PM-2-1024x768.jpeg 1024w, https:\/\/dionepoxy.de\/wp-content\/uploads\/2024\/10\/WhatsApp-Image-2024-10-24-at-9.35.27-PM-2-300x225.jpeg 300w, https:\/\/dionepoxy.de\/wp-content\/uploads\/2024\/10\/WhatsApp-Image-2024-10-24-at-9.35.27-PM-2-768x576.jpeg 768w, https:\/\/dionepoxy.de\/wp-content\/uploads\/2024\/10\/WhatsApp-Image-2024-10-24-at-9.35.27-PM-2-1536x1152.jpeg 1536w, https:\/\/dionepoxy.de\/wp-content\/uploads\/2024\/10\/WhatsApp-Image-2024-10-24-at-9.35.27-PM-2.jpeg 1600w\" sizes=\"auto, (max-width: 1024px) 100vw, 1024px\" \/><\/figure>\n<\/div>\n\n\n<br>\n\n\n\n<p class=\"has-text-align-center\">Hochwertige Epoxidharz Bodenbeschichtungen f\u00fcr jeden Bedarf \u2013 Industrie, Gewerbe und Wohnr\u00e4ume. Entdecken Sie die perfekte Kombination aus Haltbarkeit, \u00c4sthetik und Funktionalit\u00e4t.<\/p>\n\n\n\n<p class=\"has-text-align-center\">Wir bieten ma\u00dfgeschneiderte Epoxidharz Beschichtungen f\u00fcr unterschiedlichste Anwendungsbereiche an \u2013 von extrem belastbaren Industrieb\u00f6den bis hin zu stilvollen B\u00f6den f\u00fcr Ihr Zuhause.<\/p>\n\n\n\n<p class=\"has-text-align-center\">F\u00fcr uns stehen Qualit\u00e4t, Langlebigkeit und Kundenzufriedenheit an erster Stelle<\/p>\n\n\n\n<p><\/p>\n\n\n\n<br>\n\n\n\n<figure class=\"wp-block-gallery has-nested-images columns-default is-cropped wp-block-gallery-1 is-layout-flex wp-block-gallery-is-layout-flex\">\n<figure data-wp-context=\"{&quot;imageId&quot;:&quot;69e1449b32d25&quot;}\" data-wp-interactive=\"core\/image\" data-wp-key=\"69e1449b32d25\" class=\"wp-block-image size-large wp-lightbox-container\"><img loading=\"lazy\" decoding=\"async\" width=\"1024\" height=\"768\" data-wp-class--hide=\"state.isContentHidden\" data-wp-class--show=\"state.isContentVisible\" data-wp-init=\"callbacks.setButtonStyles\" data-wp-on--click=\"actions.showLightbox\" data-wp-on--load=\"callbacks.setButtonStyles\" data-wp-on-window--resize=\"callbacks.setButtonStyles\" data-id=\"124\" src=\"https:\/\/dionepoxy.de\/wp-content\/uploads\/2024\/11\/IMG_4726-1024x768.jpeg\" alt=\"\" class=\"wp-image-124\" srcset=\"https:\/\/dionepoxy.de\/wp-content\/uploads\/2024\/11\/IMG_4726-1024x768.jpeg 1024w, https:\/\/dionepoxy.de\/wp-content\/uploads\/2024\/11\/IMG_4726-300x225.jpeg 300w, https:\/\/dionepoxy.de\/wp-content\/uploads\/2024\/11\/IMG_4726-768x576.jpeg 768w, https:\/\/dionepoxy.de\/wp-content\/uploads\/2024\/11\/IMG_4726-1536x1152.jpeg 1536w, https:\/\/dionepoxy.de\/wp-content\/uploads\/2024\/11\/IMG_4726-2048x1536.jpeg 2048w\" sizes=\"auto, (max-width: 1024px) 100vw, 1024px\" \/><button\n\t\t\tclass=\"lightbox-trigger\"\n\t\t\ttype=\"button\"\n\t\t\taria-haspopup=\"dialog\"\n\t\t\taria-label=\"Enlarge\"\n\t\t\tdata-wp-init=\"callbacks.initTriggerButton\"\n\t\t\tdata-wp-on--click=\"actions.showLightbox\"\n\t\t\tdata-wp-style--right=\"state.imageButtonRight\"\n\t\t\tdata-wp-style--top=\"state.imageButtonTop\"\n\t\t>\n\t\t\t<svg xmlns=\"http:\/\/www.w3.org\/2000\/svg\" width=\"12\" height=\"12\" fill=\"none\" viewBox=\"0 0 12 12\">\n\t\t\t\t<path fill=\"#fff\" d=\"M2 0a2 2 0 0 0-2 2v2h1.5V2a.5.5 0 0 1 .5-.5h2V0H2Zm2 10.5H2a.5.5 0 0 1-.5-.5V8H0v2a2 2 0 0 0 2 2h2v-1.5ZM8 12v-1.5h2a.5.5 0 0 0 .5-.5V8H12v2a2 2 0 0 1-2 2H8Zm2-12a2 2 0 0 1 2 2v2h-1.5V2a.5.5 0 0 0-.5-.5H8V0h2Z\" \/>\n\t\t\t<\/svg>\n\t\t<\/button><figcaption class=\"wp-element-caption\"><strong>Vorher<\/strong><\/figcaption><\/figure>\n\n\n\n<figure data-wp-context=\"{&quot;imageId&quot;:&quot;69e1449b34738&quot;}\" data-wp-interactive=\"core\/image\" data-wp-key=\"69e1449b34738\" class=\"wp-block-image size-large wp-lightbox-container\"><img loading=\"lazy\" decoding=\"async\" width=\"1024\" height=\"768\" data-wp-class--hide=\"state.isContentHidden\" data-wp-class--show=\"state.isContentVisible\" data-wp-init=\"callbacks.setButtonStyles\" data-wp-on--click=\"actions.showLightbox\" data-wp-on--load=\"callbacks.setButtonStyles\" data-wp-on-window--resize=\"callbacks.setButtonStyles\" data-id=\"126\" src=\"https:\/\/dionepoxy.de\/wp-content\/uploads\/2024\/11\/IMG_4755-1024x768.jpeg\" alt=\"\" class=\"wp-image-126\" srcset=\"https:\/\/dionepoxy.de\/wp-content\/uploads\/2024\/11\/IMG_4755-1024x768.jpeg 1024w, https:\/\/dionepoxy.de\/wp-content\/uploads\/2024\/11\/IMG_4755-300x225.jpeg 300w, https:\/\/dionepoxy.de\/wp-content\/uploads\/2024\/11\/IMG_4755-768x576.jpeg 768w, https:\/\/dionepoxy.de\/wp-content\/uploads\/2024\/11\/IMG_4755-1536x1152.jpeg 1536w, https:\/\/dionepoxy.de\/wp-content\/uploads\/2024\/11\/IMG_4755-2048x1536.jpeg 2048w\" sizes=\"auto, (max-width: 1024px) 100vw, 1024px\" \/><button\n\t\t\tclass=\"lightbox-trigger\"\n\t\t\ttype=\"button\"\n\t\t\taria-haspopup=\"dialog\"\n\t\t\taria-label=\"Enlarge\"\n\t\t\tdata-wp-init=\"callbacks.initTriggerButton\"\n\t\t\tdata-wp-on--click=\"actions.showLightbox\"\n\t\t\tdata-wp-style--right=\"state.imageButtonRight\"\n\t\t\tdata-wp-style--top=\"state.imageButtonTop\"\n\t\t>\n\t\t\t<svg xmlns=\"http:\/\/www.w3.org\/2000\/svg\" width=\"12\" height=\"12\" fill=\"none\" viewBox=\"0 0 12 12\">\n\t\t\t\t<path fill=\"#fff\" d=\"M2 0a2 2 0 0 0-2 2v2h1.5V2a.5.5 0 0 1 .5-.5h2V0H2Zm2 10.5H2a.5.5 0 0 1-.5-.5V8H0v2a2 2 0 0 0 2 2h2v-1.5ZM8 12v-1.5h2a.5.5 0 0 0 .5-.5V8H12v2a2 2 0 0 1-2 2H8Zm2-12a2 2 0 0 1 2 2v2h-1.5V2a.5.5 0 0 0-.5-.5H8V0h2Z\" \/>\n\t\t\t<\/svg>\n\t\t<\/button><figcaption class=\"wp-element-caption\"><strong>Nachher<\/strong><\/figcaption><\/figure>\n\n\n\n<figure data-wp-context=\"{&quot;imageId&quot;:&quot;69e1449b3717b&quot;}\" data-wp-interactive=\"core\/image\" data-wp-key=\"69e1449b3717b\" class=\"wp-block-image size-large wp-lightbox-container\"><img loading=\"lazy\" decoding=\"async\" width=\"768\" height=\"1024\" data-wp-class--hide=\"state.isContentHidden\" data-wp-class--show=\"state.isContentVisible\" data-wp-init=\"callbacks.setButtonStyles\" data-wp-on--click=\"actions.showLightbox\" data-wp-on--load=\"callbacks.setButtonStyles\" data-wp-on-window--resize=\"callbacks.setButtonStyles\" data-id=\"96\" src=\"https:\/\/dionepoxy.de\/wp-content\/uploads\/2024\/10\/WhatsApp-Image-2024-10-24-at-9.35.27-PM-1-768x1024.jpeg\" alt=\"\" class=\"wp-image-96\" srcset=\"https:\/\/dionepoxy.de\/wp-content\/uploads\/2024\/10\/WhatsApp-Image-2024-10-24-at-9.35.27-PM-1-768x1024.jpeg 768w, https:\/\/dionepoxy.de\/wp-content\/uploads\/2024\/10\/WhatsApp-Image-2024-10-24-at-9.35.27-PM-1-225x300.jpeg 225w, https:\/\/dionepoxy.de\/wp-content\/uploads\/2024\/10\/WhatsApp-Image-2024-10-24-at-9.35.27-PM-1-1152x1536.jpeg 1152w, https:\/\/dionepoxy.de\/wp-content\/uploads\/2024\/10\/WhatsApp-Image-2024-10-24-at-9.35.27-PM-1.jpeg 1200w\" sizes=\"auto, (max-width: 768px) 100vw, 768px\" \/><button\n\t\t\tclass=\"lightbox-trigger\"\n\t\t\ttype=\"button\"\n\t\t\taria-haspopup=\"dialog\"\n\t\t\taria-label=\"Enlarge\"\n\t\t\tdata-wp-init=\"callbacks.initTriggerButton\"\n\t\t\tdata-wp-on--click=\"actions.showLightbox\"\n\t\t\tdata-wp-style--right=\"state.imageButtonRight\"\n\t\t\tdata-wp-style--top=\"state.imageButtonTop\"\n\t\t>\n\t\t\t<svg xmlns=\"http:\/\/www.w3.org\/2000\/svg\" width=\"12\" height=\"12\" fill=\"none\" viewBox=\"0 0 12 12\">\n\t\t\t\t<path fill=\"#fff\" d=\"M2 0a2 2 0 0 0-2 2v2h1.5V2a.5.5 0 0 1 .5-.5h2V0H2Zm2 10.5H2a.5.5 0 0 1-.5-.5V8H0v2a2 2 0 0 0 2 2h2v-1.5ZM8 12v-1.5h2a.5.5 0 0 0 .5-.5V8H12v2a2 2 0 0 1-2 2H8Zm2-12a2 2 0 0 1 2 2v2h-1.5V2a.5.5 0 0 0-.5-.5H8V0h2Z\" \/>\n\t\t\t<\/svg>\n\t\t<\/button><figcaption class=\"wp-element-caption\"><strong>Vorher<\/strong><\/figcaption><\/figure>\n\n\n\n<figure data-wp-context=\"{&quot;imageId&quot;:&quot;69e1449b38027&quot;}\" data-wp-interactive=\"core\/image\" data-wp-key=\"69e1449b38027\" class=\"wp-block-image size-large wp-lightbox-container\"><img loading=\"lazy\" decoding=\"async\" width=\"1024\" height=\"768\" data-wp-class--hide=\"state.isContentHidden\" data-wp-class--show=\"state.isContentVisible\" data-wp-init=\"callbacks.setButtonStyles\" data-wp-on--click=\"actions.showLightbox\" data-wp-on--load=\"callbacks.setButtonStyles\" data-wp-on-window--resize=\"callbacks.setButtonStyles\" data-id=\"94\" src=\"https:\/\/dionepoxy.de\/wp-content\/uploads\/2024\/10\/WhatsApp-Image-2024-10-24-at-9.35.27-PM-2-1024x768.jpeg\" alt=\"\" class=\"wp-image-94\" srcset=\"https:\/\/dionepoxy.de\/wp-content\/uploads\/2024\/10\/WhatsApp-Image-2024-10-24-at-9.35.27-PM-2-1024x768.jpeg 1024w, https:\/\/dionepoxy.de\/wp-content\/uploads\/2024\/10\/WhatsApp-Image-2024-10-24-at-9.35.27-PM-2-300x225.jpeg 300w, https:\/\/dionepoxy.de\/wp-content\/uploads\/2024\/10\/WhatsApp-Image-2024-10-24-at-9.35.27-PM-2-768x576.jpeg 768w, https:\/\/dionepoxy.de\/wp-content\/uploads\/2024\/10\/WhatsApp-Image-2024-10-24-at-9.35.27-PM-2-1536x1152.jpeg 1536w, https:\/\/dionepoxy.de\/wp-content\/uploads\/2024\/10\/WhatsApp-Image-2024-10-24-at-9.35.27-PM-2.jpeg 1600w\" sizes=\"auto, (max-width: 1024px) 100vw, 1024px\" \/><button\n\t\t\tclass=\"lightbox-trigger\"\n\t\t\ttype=\"button\"\n\t\t\taria-haspopup=\"dialog\"\n\t\t\taria-label=\"Enlarge\"\n\t\t\tdata-wp-init=\"callbacks.initTriggerButton\"\n\t\t\tdata-wp-on--click=\"actions.showLightbox\"\n\t\t\tdata-wp-style--right=\"state.imageButtonRight\"\n\t\t\tdata-wp-style--top=\"state.imageButtonTop\"\n\t\t>\n\t\t\t<svg xmlns=\"http:\/\/www.w3.org\/2000\/svg\" width=\"12\" height=\"12\" fill=\"none\" viewBox=\"0 0 12 12\">\n\t\t\t\t<path fill=\"#fff\" d=\"M2 0a2 2 0 0 0-2 2v2h1.5V2a.5.5 0 0 1 .5-.5h2V0H2Zm2 10.5H2a.5.5 0 0 1-.5-.5V8H0v2a2 2 0 0 0 2 2h2v-1.5ZM8 12v-1.5h2a.5.5 0 0 0 .5-.5V8H12v2a2 2 0 0 1-2 2H8Zm2-12a2 2 0 0 1 2 2v2h-1.5V2a.5.5 0 0 0-.5-.5H8V0h2Z\" \/>\n\t\t\t<\/svg>\n\t\t<\/button><figcaption class=\"wp-element-caption\"><strong>Nachher<\/strong><\/figcaption><\/figure>\n<\/figure>\n\n\n\n<br>\n\n\n\n<h2 class=\"wp-block-heading\">Dion Epoxy<\/h2>\n\n\n\n<p><a href=\"https:\/\/www.google.com\/maps\/place\/Hindenburgstra%C3%9Fe+61,+75417+M%C3%BChlacker,+Germany\/@48.9505614,8.8423015,18.75z\/data=!4m6!3m5!1s0x479779f0d699ac7d:0xd3787c9a67de27e5!8m2!3d48.95053!4d8.8431077!16s%2Fg%2F11c23v52t5?entry=ttu&amp;g_ep=EgoyMDI0MTExMS4wIKXMDSoASAFQAw%3D%3D\" data-type=\"link\" data-id=\"https:\/\/www.google.com\/maps\/place\/Hindenburgstra%C3%9Fe+61,+75417+M%C3%BChlacker,+Germany\/@48.9505614,8.8423015,18.75z\/data=!4m6!3m5!1s0x479779f0d699ac7d:0xd3787c9a67de27e5!8m2!3d48.95053!4d8.8431077!16s%2Fg%2F11c23v52t5?entry=ttu&amp;g_ep=EgoyMDI0MTExMS4wIKXMDSoASAFQAw%3D%3D\">Hindenburgstra\u00dfe 61<br>75417 M\u00fchlacker<\/a><\/p>\n\n\n\n<p><\/p>\n","protected":false},"excerpt":{"rendered":"<p>Call Button Anrufen Hochwertige Epoxidharz Bodenbeschichtungen f\u00fcr jeden Bedarf \u2013 Industrie, Gewerbe und Wohnr\u00e4ume. Entdecken Sie die perfekte Kombination aus Haltbarkeit, \u00c4sthetik und Funktionalit\u00e4t. Wir bieten ma\u00dfgeschneiderte Epoxidharz Beschichtungen f\u00fcr&hellip;<\/p>\n","protected":false},"author":1,"featured_media":0,"parent":0,"menu_order":0,"comment_status":"closed","ping_status":"closed","template":"","meta":{"footnotes":""},"class_list":["post-24","page","type-page","status-publish","hentry"],"_links":{"self":[{"href":"https:\/\/dionepoxy.de\/index.php?rest_route=\/wp\/v2\/pages\/24","targetHints":{"allow":["GET"]}}],"collection":[{"href":"https:\/\/dionepoxy.de\/index.php?rest_route=\/wp\/v2\/pages"}],"about":[{"href":"https:\/\/dionepoxy.de\/index.php?rest_route=\/wp\/v2\/types\/page"}],"author":[{"embeddable":true,"href":"https:\/\/dionepoxy.de\/index.php?rest_route=\/wp\/v2\/users\/1"}],"replies":[{"embeddable":true,"href":"https:\/\/dionepoxy.de\/index.php?rest_route=%2Fwp%2Fv2%2Fcomments&post=24"}],"version-history":[{"count":10,"href":"https:\/\/dionepoxy.de\/index.php?rest_route=\/wp\/v2\/pages\/24\/revisions"}],"predecessor-version":[{"id":220,"href":"https:\/\/dionepoxy.de\/index.php?rest_route=\/wp\/v2\/pages\/24\/revisions\/220"}],"wp:attachment":[{"href":"https:\/\/dionepoxy.de\/index.php?rest_route=%2Fwp%2Fv2%2Fmedia&parent=24"}],"curies":[{"name":"wp","href":"https:\/\/api.w.org\/{rel}","templated":true}]}}